{"id":97,"date":"2021-11-03T21:30:22","date_gmt":"2021-11-03T20:30:22","guid":{"rendered":"https:\/\/casse-noisettes.org\/site\/?page_id=97"},"modified":"2021-11-11T12:05:54","modified_gmt":"2021-11-11T11:05:54","slug":"les-livres","status":"publish","type":"page","link":"https:\/\/casse-noisettes.org\/site\/ressources\/les-livres\/","title":{"rendered":"Les livres"},"content":{"rendered":"\n<p><\/p>\n\n\n\n<div class=\"wp-block-group\"><div class=\"wp-block-group__inner-container is-layout-flow wp-block-group-is-layout-flow\"><div id=\"cv-grid-post-layout\" class=\"block-928c4544-177b-49d0-b696-5ca694447c46 cv-block cv-block-grid--layout-one\">    <div class=\"cv-post-wrapper cv-post--imagemargin column--three\">\r\n                        <article post-id=\"post-335\" class=\"cv-post post-format--standard\" itemscope itemtype=\"http:\/\/schema.org\/articleBody\">\r\n                                        <div class=\"cv-post-thumb\">\r\n                        <a href=\"https:\/\/casse-noisettes.org\/site\/peau-dhomme-hubert-et-zanzim\/\"><img decoding=\"async\" src=\"https:\/\/casse-noisettes.org\/site\/wp-content\/uploads\/2023\/06\/peau-dhomme.jpeg\" alt=\"Peau d&rsquo;homme &#8212; Hubert et Zanzim\"\/><\/a>\r\n                    <\/div>\r\n                    <h2 class=\"cv-post-title\">\r\n                        <a href=\"https:\/\/casse-noisettes.org\/site\/peau-dhomme-hubert-et-zanzim\/\" target=\"_self\">\r\n                            Peau d&rsquo;homme &#8212; Hubert et Zanzim                        <\/a>\r\n                    <\/h2>\r\n                    <div class=\"cv-post-meta cv-meta-icon-show\">\r\n                        <span class=\"cv-post-tags-wrap cv-post-meta-item\"><span class=\"cv-post-tag\"><a href=\"https:\/\/casse-noisettes.org\/site\/tag\/amour\/\">amour<\/a><\/span><span class=\"cv-post-tag\"><a href=\"https:\/\/casse-noisettes.org\/site\/tag\/virilite\/\">virilit\u00e9<\/a><\/span><\/span>                    <\/div>\r\n                <div class=\"cv-post-content\" itemprop=\"description\">Pendant la Renaissance, en Italie, Bianca, fille de bonne famille, est promise \u00e0 Giovanni, un jeune et beau marchand. Cependant comme il est de coutume \u00e0 cette \u00e9poque, ce sont ses parents qui ont d\u00e9cid\u00e9 de l&rsquo;identit\u00e9 de son futur \u00e9poux. Tout se serait pass\u00e9 sans accroc si Bianca ne s&rsquo;\u00e9tait pas vu r\u00e9v\u00e9ler un [&hellip;]<\/div>                <\/article>\r\n                        <article post-id=\"post-316\" class=\"cv-post post-format--standard\" itemscope itemtype=\"http:\/\/schema.org\/articleBody\">\r\n                                        <div class=\"cv-post-thumb\">\r\n                        <a href=\"https:\/\/casse-noisettes.org\/site\/au-dela-de-la-penetration-martin-page\/\"><img decoding=\"async\" src=\"https:\/\/casse-noisettes.org\/site\/wp-content\/uploads\/2023\/06\/audeladelapenetration.jpg\" alt=\"Au-del\u00e0 de la p\u00e9n\u00e9tration &#8212; Martin Page\"\/><\/a>\r\n                    <\/div>\r\n                    <h2 class=\"cv-post-title\">\r\n                        <a href=\"https:\/\/casse-noisettes.org\/site\/au-dela-de-la-penetration-martin-page\/\" target=\"_self\">\r\n                            Au-del\u00e0 de la p\u00e9n\u00e9tration &#8212; Martin Page                        <\/a>\r\n                    <\/h2>\r\n                    <div class=\"cv-post-meta cv-meta-icon-show\">\r\n                        <span class=\"cv-post-tags-wrap cv-post-meta-item\"><span class=\"cv-post-tag\"><a href=\"https:\/\/casse-noisettes.org\/site\/tag\/essai\/\">Essai<\/a><\/span><\/span>                    <\/div>\r\n                <div class=\"cv-post-content\" itemprop=\"description\">Martin Page interroge la place de la p\u00e9n\u00e9tration dans les relations hommes femmes, et plaide pour une explora\u00adtion r\u00e9ciproque du reste du corps et une sexualit\u00e9 imagi\u00adnative\u2026 Un manifeste percutant, ico\u00adnoclaste et joyeux sur les rapports de genre. Et si la sexualit\u00e9 \u00e9tait \u00e0 r\u00e9inventer ? Date de parution :\u00a02020 \u00c9diteur : Nouvel Attila Format [&hellip;]<\/div>                <\/article>\r\n                        <article post-id=\"post-311\" class=\"cv-post post-format--standard\" itemscope itemtype=\"http:\/\/schema.org\/articleBody\">\r\n                                        <div class=\"cv-post-thumb\">\r\n                        <a href=\"https:\/\/casse-noisettes.org\/site\/desirer-comme-un-homme-enquetes-sur-les-fantasmes-et-les-masculinites\/\"><img decoding=\"async\" src=\"https:\/\/casse-noisettes.org\/site\/wp-content\/uploads\/2023\/06\/DEC_VOROS_2020_01-scaled.jpg\" alt=\"D\u00e9sirer comme un homme, enqu\u00eates sur les fantasmes et les masculinit\u00e9s, Florian V\u00f6r\u00f6s\"\/><\/a>\r\n                    <\/div>\r\n                    <h2 class=\"cv-post-title\">\r\n                        <a href=\"https:\/\/casse-noisettes.org\/site\/desirer-comme-un-homme-enquetes-sur-les-fantasmes-et-les-masculinites\/\" target=\"_self\">\r\n                            D\u00e9sirer comme un homme, enqu\u00eates sur les fantasmes et les masculinit\u00e9s, Florian V\u00f6r\u00f6s                        <\/a>\r\n                    <\/h2>\r\n                    <div class=\"cv-post-meta cv-meta-icon-show\">\r\n                        <span class=\"cv-post-tags-wrap cv-post-meta-item\"><span class=\"cv-post-tag\"><a href=\"https:\/\/casse-noisettes.org\/site\/tag\/essai\/\">Essai<\/a><\/span><span class=\"cv-post-tag\"><a href=\"https:\/\/casse-noisettes.org\/site\/tag\/masculinites\/\">masculinit\u00e9s<\/a><\/span><span class=\"cv-post-tag\"><a href=\"https:\/\/casse-noisettes.org\/site\/tag\/pornographie\/\">pornographie<\/a><\/span><\/span>                    <\/div>\r\n                <div class=\"cv-post-content\" itemprop=\"description\">Comment se noue la domination masculine dans les fantasmes ? Et par quels moyens cette domination pourrait-elle se d\u00e9nouer ? \u00c0 partir d&rsquo;entretiens approfondis avec des hommes, Florian V\u00f6r\u00f6s explore les imaginaires sexuels masculins \u00e0 l&rsquo;aune d&rsquo;une pratique tr\u00e8s courante, mais peu \u00e9tudi\u00e9e par les sciences sociales : le visionnage de pornographie. En m\u00ealant conversations [&hellip;]<\/div>                <\/article>\r\n                        <article post-id=\"post-308\" class=\"cv-post post-format--standard\" itemscope itemtype=\"http:\/\/schema.org\/articleBody\">\r\n                                        <div class=\"cv-post-thumb\">\r\n                        <a href=\"https:\/\/casse-noisettes.org\/site\/refuser-detre-un-homme\/\"><img decoding=\"async\" src=\"https:\/\/casse-noisettes.org\/site\/wp-content\/uploads\/2023\/06\/refuser_d_etre_un_homme.jpg\" alt=\"Refuser d&rsquo;\u00eatre un homme, John Stoltenberg\"\/><\/a>\r\n                    <\/div>\r\n                    <h2 class=\"cv-post-title\">\r\n                        <a href=\"https:\/\/casse-noisettes.org\/site\/refuser-detre-un-homme\/\" target=\"_self\">\r\n                            Refuser d&rsquo;\u00eatre un homme, John Stoltenberg                        <\/a>\r\n                    <\/h2>\r\n                    <div class=\"cv-post-meta cv-meta-icon-show\">\r\n                        <span class=\"cv-post-tags-wrap cv-post-meta-item\"><span class=\"cv-post-tag\"><a href=\"https:\/\/casse-noisettes.org\/site\/tag\/essai\/\">Essai<\/a><\/span><span class=\"cv-post-tag\"><a href=\"https:\/\/casse-noisettes.org\/site\/tag\/masculinites\/\">masculinit\u00e9s<\/a><\/span><span class=\"cv-post-tag\"><a href=\"https:\/\/casse-noisettes.org\/site\/tag\/patriarcat\/\">patriarcat<\/a><\/span><\/span>                    <\/div>\r\n                <div class=\"cv-post-content\" itemprop=\"description\">Depuis sa publication en 1989 (New York, Routledge), Refuser d&rsquo;\u00eatre un homme est devenu un classique dans les \u00e9tudes de genre, largement cit\u00e9 dans les ouvrages de r\u00e9f\u00e9rence. John Stoltenberg d\u00e9construit l&rsquo;identit\u00e9 masculine comme un rapport social et trouve dans cette analyse les raisons de penser son changement. L&rsquo;ouvrage aborde successivement la question de l&rsquo;identit\u00e9 [&hellip;]<\/div>                <\/article>\r\n                        <article post-id=\"post-265\" class=\"cv-post post-format--standard\" itemscope itemtype=\"http:\/\/schema.org\/articleBody\">\r\n                                        <div class=\"cv-post-thumb\">\r\n                        <a href=\"https:\/\/casse-noisettes.org\/site\/descente-au-coeur-du-male-raphael-liogier\/\"><img decoding=\"async\" src=\"https:\/\/casse-noisettes.org\/site\/wp-content\/uploads\/2022\/02\/Descente-au-coeur-du-male.jpg\" alt=\"Descente au c\u0153ur du m\u00e2le &#8211; Rapha\u00ebl Liogier\"\/><\/a>\r\n                    <\/div>\r\n                    <h2 class=\"cv-post-title\">\r\n                        <a href=\"https:\/\/casse-noisettes.org\/site\/descente-au-coeur-du-male-raphael-liogier\/\" target=\"_self\">\r\n                            Descente au c\u0153ur du m\u00e2le &#8211; Rapha\u00ebl Liogier                        <\/a>\r\n                    <\/h2>\r\n                    <div class=\"cv-post-meta cv-meta-icon-show\">\r\n                        <span class=\"cv-post-tags-wrap cv-post-meta-item\"><span class=\"cv-post-tag\"><a href=\"https:\/\/casse-noisettes.org\/site\/tag\/essai\/\">Essai<\/a><\/span><span class=\"cv-post-tag\"><a href=\"https:\/\/casse-noisettes.org\/site\/tag\/masculinites\/\">masculinit\u00e9s<\/a><\/span><span class=\"cv-post-tag\"><a href=\"https:\/\/casse-noisettes.org\/site\/tag\/patriarcat\/\">patriarcat<\/a><\/span><span class=\"cv-post-tag\"><a href=\"https:\/\/casse-noisettes.org\/site\/tag\/virilite\/\">virilit\u00e9<\/a><\/span><\/span>                    <\/div>\r\n                <div class=\"cv-post-content\" itemprop=\"description\">Rapha\u00ebl Liogier est sociologue et philosophe. Dans cet ouvrage, il r\u00e9sume succinctement les probl\u00e8mes de soci\u00e9t\u00e9 que posent les comportements virils aujourd&rsquo;hui, et propose un d\u00e9but de r\u00e9flexion aux hommes pour mieux comprendre les enjeux et limites de leur masculinit\u00e9, et comment inventer une nouvelle fa\u00e7on d&rsquo;\u00eatre homme qui pourrait lever les injonctions, et lib\u00e9rer [&hellip;]<\/div>                <\/article>\r\n                        <article post-id=\"post-250\" class=\"cv-post post-format--standard\" itemscope itemtype=\"http:\/\/schema.org\/articleBody\">\r\n                                        <div class=\"cv-post-thumb\">\r\n                        <a href=\"https:\/\/casse-noisettes.org\/site\/le-corps-de-ma-mere-de-fawzia-zouari\/\"><img decoding=\"async\" src=\"https:\/\/casse-noisettes.org\/site\/wp-content\/uploads\/2022\/02\/fawziazouari.jpg\" alt=\"Le corps de ma m\u00e8re de Fawzia Zouari\"\/><\/a>\r\n                    <\/div>\r\n                    <h2 class=\"cv-post-title\">\r\n                        <a href=\"https:\/\/casse-noisettes.org\/site\/le-corps-de-ma-mere-de-fawzia-zouari\/\" target=\"_self\">\r\n                            Le corps de ma m\u00e8re de Fawzia Zouari                        <\/a>\r\n                    <\/h2>\r\n                    <div class=\"cv-post-meta cv-meta-icon-show\">\r\n                        <span class=\"cv-post-tags-wrap cv-post-meta-item\"><span class=\"cv-post-tag\"><a href=\"https:\/\/casse-noisettes.org\/site\/tag\/biographie\/\">biographie<\/a><\/span><span class=\"cv-post-tag\"><a href=\"https:\/\/casse-noisettes.org\/site\/tag\/recit\/\">r\u00e9cit<\/a><\/span><\/span>                    <\/div>\r\n                <div class=\"cv-post-content\" itemprop=\"description\">Fawzia Zouari est une \u00e9crivaine et journaliste franco-tunisienne. Son r\u00e9cit Le corps de ma m\u00e8re est paru en 2016 aux \u00e9ditions Gallimard. Il s\u2019agit de la biographie de sa m\u00e8re. L\u2019ouvrage est divis\u00e9 en trois parties, se r\u00e9f\u00e9rant aux trois lieux et p\u00e9riodes que le r\u00e9cit traverse. Dans la premi\u00e8re, Le corps de ma m\u00e8re, [&hellip;]<\/div>                <\/article>\r\n                        <article post-id=\"post-233\" class=\"cv-post post-format--standard\" itemscope itemtype=\"http:\/\/schema.org\/articleBody\">\r\n                                        <div class=\"cv-post-thumb\">\r\n                        <a href=\"https:\/\/casse-noisettes.org\/site\/je-suis-une-fille-sans-histoire-alice-zeniter\/\"><img decoding=\"async\" src=\"https:\/\/casse-noisettes.org\/site\/wp-content\/uploads\/2022\/02\/alicezen.jpg\" alt=\"Je suis une fille sans histoire &#8211; Alice Zeniter\"\/><\/a>\r\n                    <\/div>\r\n                    <h2 class=\"cv-post-title\">\r\n                        <a href=\"https:\/\/casse-noisettes.org\/site\/je-suis-une-fille-sans-histoire-alice-zeniter\/\" target=\"_self\">\r\n                            Je suis une fille sans histoire &#8211; Alice Zeniter                        <\/a>\r\n                    <\/h2>\r\n                    <div class=\"cv-post-meta cv-meta-icon-show\">\r\n                        <span class=\"cv-post-tags-wrap cv-post-meta-item\"><span class=\"cv-post-tag\"><a href=\"https:\/\/casse-noisettes.org\/site\/tag\/essai\/\">Essai<\/a><\/span><span class=\"cv-post-tag\"><a href=\"https:\/\/casse-noisettes.org\/site\/tag\/narratologie\/\">Narratologie<\/a><\/span><\/span>                    <\/div>\r\n                <div class=\"cv-post-content\" itemprop=\"description\">Alice Zeniter, n\u00e9e en 1986 \u00e0 Clamart (France, \u00cele-de-France), autrice entre autres, de L\u2019Art de Perdre pour lequel elle a remport\u00e9 le Prix Goncourt des Lyc\u00e9ens 2017, signe avec Je suis une fille sans histoire, son premier essai. Avec cet ouvrage \u00e0 destination de vulgarisation, ouvertement critique, f\u00e9ministe, politique, l\u2019autrice affiche dans son un essai-conf\u00e9rence [&hellip;]<\/div>                <\/article>\r\n                        <article post-id=\"post-94\" class=\"cv-post post-format--standard\" itemscope itemtype=\"http:\/\/schema.org\/articleBody\">\r\n                                        <div class=\"cv-post-thumb\">\r\n                        <a href=\"https:\/\/casse-noisettes.org\/site\/reinventer-lamour\/\"><img decoding=\"async\" src=\"https:\/\/casse-noisettes.org\/site\/wp-content\/uploads\/2021\/11\/reinventerlamour-e1636318698721.jpg\" alt=\"R\u00e9inventer l&rsquo;amour\"\/><\/a>\r\n                    <\/div>\r\n                    <h2 class=\"cv-post-title\">\r\n                        <a href=\"https:\/\/casse-noisettes.org\/site\/reinventer-lamour\/\" target=\"_self\">\r\n                            R\u00e9inventer l&rsquo;amour                        <\/a>\r\n                    <\/h2>\r\n                    <div class=\"cv-post-meta cv-meta-icon-show\">\r\n                        <span class=\"cv-post-tags-wrap cv-post-meta-item\"><span class=\"cv-post-tag\"><a href=\"https:\/\/casse-noisettes.org\/site\/tag\/amour\/\">amour<\/a><\/span><span class=\"cv-post-tag\"><a href=\"https:\/\/casse-noisettes.org\/site\/tag\/patriarcat\/\">patriarcat<\/a><\/span><span class=\"cv-post-tag\"><a href=\"https:\/\/casse-noisettes.org\/site\/tag\/virilite\/\">virilit\u00e9<\/a><\/span><\/span>                    <\/div>\r\n                <div class=\"cv-post-content\" itemprop=\"description\">R\u00e9inventer l\u2019amour, Mona Chollet Nombre de femmes et d\u2019hommes qui cherchent l\u2019\u00e9panouissement amoureux ensemble se retrouvent tr\u00e8s d\u00e9munis face au troisi\u00e8me protagoniste qui s\u2019invite dans leur salon ou dans leur lit : le patriarcat. Sur une question qui hante les f\u00e9ministes depuis des d\u00e9cennies et qui revient aujourd\u2019hui au premier plan de leurs pr\u00e9occupations, celle [&hellip;]<\/div>                <\/article>\r\n                        <article post-id=\"post-91\" class=\"cv-post post-format--standard\" itemscope itemtype=\"http:\/\/schema.org\/articleBody\">\r\n                                        <div class=\"cv-post-thumb\">\r\n                        <a href=\"https:\/\/casse-noisettes.org\/site\/la-crise-de-la-masculinite-autopsie-dun-mythe-tenace\/\"><img decoding=\"async\" src=\"https:\/\/casse-noisettes.org\/site\/wp-content\/uploads\/2021\/11\/criseMasculinisme-1-e1636318312382.jpeg\" alt=\"La crise de la masculinit\u00e9 Autopsie d&rsquo;un mythe tenace\"\/><\/a>\r\n                    <\/div>\r\n                    <h2 class=\"cv-post-title\">\r\n                        <a href=\"https:\/\/casse-noisettes.org\/site\/la-crise-de-la-masculinite-autopsie-dun-mythe-tenace\/\" target=\"_self\">\r\n                            La crise de la masculinit\u00e9 Autopsie d&rsquo;un mythe tenace                        <\/a>\r\n                    <\/h2>\r\n                    <div class=\"cv-post-meta cv-meta-icon-show\">\r\n                        <span class=\"cv-post-tags-wrap cv-post-meta-item\"><span class=\"cv-post-tag\"><a href=\"https:\/\/casse-noisettes.org\/site\/tag\/essai\/\">Essai<\/a><\/span><span class=\"cv-post-tag\"><a href=\"https:\/\/casse-noisettes.org\/site\/tag\/masculinisme\/\">masculinisme<\/a><\/span><\/span>                    <\/div>\r\n                <div class=\"cv-post-content\" itemprop=\"description\">La crise de la masculinit\u00e9 \u2013 autopsie d\u2019un mythe tenace, Francis Dupuis-D\u00e9ri Une crise de la masculinit\u00e9, dit-on, s\u00e9vit dans nos soci\u00e9t\u00e9s trop f\u00e9minis\u00e9es. Les hommes souffriraient parce que les femmes et les f\u00e9ministes prennent trop de place. Parmi les sympt\u00f4mes de cette crise, on \u00e9voque les difficult\u00e9s scolaires des gar\u00e7ons, l&rsquo;incapacit\u00e9 des hommes \u00e0 [&hellip;]<\/div>                <\/article>\r\n                        <article post-id=\"post-87\" class=\"cv-post post-format--chat\" itemscope itemtype=\"http:\/\/schema.org\/articleBody\">\r\n                                        <div class=\"cv-post-thumb\">\r\n                        <a href=\"https:\/\/casse-noisettes.org\/site\/le-mythe-de-la-virilite\/\"><img decoding=\"async\" src=\"https:\/\/casse-noisettes.org\/site\/wp-content\/uploads\/2021\/11\/mytheVirilite-e1636629827305.jpg\" alt=\"Le mythe de la virilit\u00e9\"\/><\/a>\r\n                    <\/div>\r\n                    <h2 class=\"cv-post-title\">\r\n                        <a href=\"https:\/\/casse-noisettes.org\/site\/le-mythe-de-la-virilite\/\" target=\"_self\">\r\n                            Le mythe de la virilit\u00e9                        <\/a>\r\n                    <\/h2>\r\n                    <div class=\"cv-post-meta cv-meta-icon-show\">\r\n                        <span class=\"cv-post-tags-wrap cv-post-meta-item\"><span class=\"cv-post-tag\"><a href=\"https:\/\/casse-noisettes.org\/site\/tag\/essai\/\">Essai<\/a><\/span><span class=\"cv-post-tag\"><a href=\"https:\/\/casse-noisettes.org\/site\/tag\/masculinites\/\">masculinit\u00e9s<\/a><\/span><span class=\"cv-post-tag\"><a href=\"https:\/\/casse-noisettes.org\/site\/tag\/virilite\/\">virilit\u00e9<\/a><\/span><\/span>                    <\/div>\r\n                <div class=\"cv-post-content\" itemprop=\"description\">Le mythe de la virilit\u00e9, Olivia Gazal\u00e9 Et si, comme les femmes, les hommes \u00e9taient depuis toujours victimes du mythe de la virilit\u00e9 ? De la pr\u00e9histoire \u00e0 l&rsquo;\u00e9poque contemporaine, une passionnante histoire du f\u00e9minin et du masculin qui r\u00e9interpr\u00e8te de fa\u00e7on originale le th\u00e8me de la guerre des sexes. Pour asseoir sa domination sur [&hellip;]<\/div>                <\/article>\r\n                        <article post-id=\"post-84\" class=\"cv-post post-format--standard\" itemscope itemtype=\"http:\/\/schema.org\/articleBody\">\r\n                                        <div class=\"cv-post-thumb\">\r\n                        <a href=\"https:\/\/casse-noisettes.org\/site\/a-lecart-de-la-meute\/\"><img decoding=\"async\" src=\"https:\/\/casse-noisettes.org\/site\/wp-content\/uploads\/2021\/11\/meute-e1636629737728.jpg\" alt=\"\u00c0 l&rsquo;\u00e9cart de la meute\"\/><\/a>\r\n                    <\/div>\r\n                    <h2 class=\"cv-post-title\">\r\n                        <a href=\"https:\/\/casse-noisettes.org\/site\/a-lecart-de-la-meute\/\" target=\"_self\">\r\n                            \u00c0 l&rsquo;\u00e9cart de la meute                        <\/a>\r\n                    <\/h2>\r\n                    <div class=\"cv-post-meta cv-meta-icon-show\">\r\n                        <span class=\"cv-post-tags-wrap cv-post-meta-item\"><span class=\"cv-post-tag\"><a href=\"https:\/\/casse-noisettes.org\/site\/tag\/bande-de-potes\/\">bande de potes<\/a><\/span><span class=\"cv-post-tag\"><a href=\"https:\/\/casse-noisettes.org\/site\/tag\/essai\/\">Essai<\/a><\/span><span class=\"cv-post-tag\"><a href=\"https:\/\/casse-noisettes.org\/site\/tag\/masculinites\/\">masculinit\u00e9s<\/a><\/span><\/span>                    <\/div>\r\n                <div class=\"cv-post-content\" itemprop=\"description\">\u00c0 l\u2019\u00e9cart de la meute, Thomas Messias Essai sur les \u00ab\u00a0bandes de potes\u00a0\u00bb, leur r\u00f4le dans le renforcement du syst\u00e8me patriarcal et comment il faut en finir avec elles. Par l\u2019auteur du podcast mansplaining. 256 pages<\/div>                <\/article>\r\n                        <article post-id=\"post-81\" class=\"cv-post post-format--standard\" itemscope itemtype=\"http:\/\/schema.org\/articleBody\">\r\n                                        <div class=\"cv-post-thumb\">\r\n                        <a href=\"https:\/\/casse-noisettes.org\/site\/masculinites-enjeux-sociaux-de-lhegemonie\/\"><img decoding=\"async\" src=\"https:\/\/casse-noisettes.org\/site\/wp-content\/uploads\/2021\/11\/Masculinite.jpg\" alt=\"Masculinit\u00e9s, enjeux sociaux de l&rsquo;h\u00e9g\u00e9monie\"\/><\/a>\r\n                    <\/div>\r\n                    <h2 class=\"cv-post-title\">\r\n                        <a href=\"https:\/\/casse-noisettes.org\/site\/masculinites-enjeux-sociaux-de-lhegemonie\/\" target=\"_self\">\r\n                            Masculinit\u00e9s, enjeux sociaux de l&rsquo;h\u00e9g\u00e9monie                        <\/a>\r\n                    <\/h2>\r\n                    <div class=\"cv-post-meta cv-meta-icon-show\">\r\n                        <span class=\"cv-post-tags-wrap cv-post-meta-item\"><span class=\"cv-post-tag\"><a href=\"https:\/\/casse-noisettes.org\/site\/tag\/essai\/\">Essai<\/a><\/span><span class=\"cv-post-tag\"><a href=\"https:\/\/casse-noisettes.org\/site\/tag\/masculinites\/\">masculinit\u00e9s<\/a><\/span><\/span>                    <\/div>\r\n                <div class=\"cv-post-content\" itemprop=\"description\">Masculinit\u00e9s, enjeux sociaux de l\u2019h\u00e9g\u00e9monie, Raewyn Connel Articulant th\u00e9orie et r\u00e9cits de vie, Raewyn Connell dessine une cartographie complexe et nuanc\u00e9e des masculinit\u00e9s. Elle met au jour l\u2019existence, au sein de l\u2019ordre de genre, d\u2019une masculinit\u00e9 h\u00e9g\u00e9monique qui vise \u00e0 assurer la perp\u00e9tuation de la domination des hommes sur les femmes. Contre tout masculinisme, Connell [&hellip;]<\/div>                <\/article>\r\n            <\/div><\/div><\/div><\/div>\n\n\n\n<p><\/p>\n","protected":false},"excerpt":{"rendered":"","protected":false},"author":2,"featured_media":0,"parent":55,"menu_order":0,"comment_status":"closed","ping_status":"closed","template":"","meta":{"footnotes":""},"class_list":["post-97","page","type-page","status-publish","czr-hentry"],"blog_post_layout_featured_media_urls":{"thumbnail":"","full":""},"categories_names":null,"comments_number":"0","_links":{"self":[{"href":"https:\/\/casse-noisettes.org\/site\/wp-json\/wp\/v2\/pages\/97","targetHints":{"allow":["GET"]}}],"collection":[{"href":"https:\/\/casse-noisettes.org\/site\/wp-json\/wp\/v2\/pages"}],"about":[{"href":"https:\/\/casse-noisettes.org\/site\/wp-json\/wp\/v2\/types\/page"}],"author":[{"embeddable":true,"href":"https:\/\/casse-noisettes.org\/site\/wp-json\/wp\/v2\/users\/2"}],"replies":[{"embeddable":true,"href":"https:\/\/casse-noisettes.org\/site\/wp-json\/wp\/v2\/comments?post=97"}],"version-history":[{"count":6,"href":"https:\/\/casse-noisettes.org\/site\/wp-json\/wp\/v2\/pages\/97\/revisions"}],"predecessor-version":[{"id":219,"href":"https:\/\/casse-noisettes.org\/site\/wp-json\/wp\/v2\/pages\/97\/revisions\/219"}],"up":[{"embeddable":true,"href":"https:\/\/casse-noisettes.org\/site\/wp-json\/wp\/v2\/pages\/55"}],"wp:attachment":[{"href":"https:\/\/casse-noisettes.org\/site\/wp-json\/wp\/v2\/media?parent=97"}],"curies":[{"name":"wp","href":"https:\/\/api.w.org\/{rel}","templated":true}]}}