{"id":55,"date":"2021-11-01T17:21:11","date_gmt":"2021-11-01T16:21:11","guid":{"rendered":"https:\/\/casse-noisettes.org\/site\/?page_id=55"},"modified":"2021-11-13T11:41:38","modified_gmt":"2021-11-13T10:41:38","slug":"ressources","status":"publish","type":"page","link":"https:\/\/casse-noisettes.org\/site\/ressources\/","title":{"rendered":"Ressources"},"content":{"rendered":"\n<p>Pour aider \u00e0 cultiver son imaginaire, d\u00e9couvrir d&rsquo;autres fa\u00e7ons de penser, Casse Noisettes travaille \u00e0 recueillir et \u00e0 mettre en avant des films, des livres, des podcasts et des sites internets qui promeuvent d&rsquo;autres masculinit\u00e9s. <\/p>\n\n\n\n<p>Vous trouverez donc ici : <\/p>\n\n\n\n<div class=\"wp-block-buttons is-content-justification-center is-layout-flex wp-block-buttons-is-layout-flex\">\n<div class=\"wp-block-button is-style-outline is-style-outline--1\"><a class=\"wp-block-button__link\" href=\"https:\/\/casse-noisettes.org\/site\/ressources\/les-films\/\">Des films<\/a><\/div>\n\n\n\n<div class=\"wp-block-button is-style-outline is-style-outline--2\"><a class=\"wp-block-button__link\" href=\"https:\/\/casse-noisettes.org\/site\/ressources\/les-livres\/\">Des livres<\/a><\/div>\n\n\n\n<div class=\"wp-block-button is-style-outline is-style-outline--3\"><a class=\"wp-block-button__link\">Des podcasts<\/a><\/div>\n<\/div>\n\n\n\n<p>\u00c9videment, nous ne sommes pas au courant de tout ce qui est publi\u00e9 sur le sujet. Si vous pensez qu&rsquo;une ressource manque, nous vous invitons chaleureusement \u00e0 nous contacter pour nous en envoyer les r\u00e9f\u00e9rences. Merci \ud83d\ude42<\/p>\n\n\n\n<div class=\"wp-block-buttons is-content-justification-center is-layout-flex wp-block-buttons-is-layout-flex\">\n<div class=\"wp-block-button is-style-outline is-style-outline--4\"><a class=\"wp-block-button__link\" href=\"https:\/\/casse-noisettes.org\/site\/contact\/\">Nous contacter<\/a><\/div>\n<\/div>\n\n\n\n<p><\/p>\n","protected":false},"excerpt":{"rendered":"<p>Pour aider \u00e0 cultiver son imaginaire, d\u00e9couvrir d&rsquo;autres fa\u00e7ons de penser, Casse Noisettes travaille \u00e0 recueillir et \u00e0 mettre en avant des films, des livres, des podcasts et des sites internets qui promeuvent d&rsquo;autres masculinit\u00e9s. Vous trouverez donc ici : \u00c9videment, nous ne sommes pas au courant de tout ce qui est publi\u00e9 sur le [&hellip;]<\/p>\n","protected":false},"author":2,"featured_media":0,"parent":0,"menu_order":0,"comment_status":"closed","ping_status":"closed","template":"","meta":{"footnotes":""},"class_list":["post-55","page","type-page","status-publish","czr-hentry"],"blog_post_layout_featured_media_urls":{"thumbnail":"","full":""},"categories_names":null,"comments_number":"0","_links":{"self":[{"href":"https:\/\/casse-noisettes.org\/site\/wp-json\/wp\/v2\/pages\/55","targetHints":{"allow":["GET"]}}],"collection":[{"href":"https:\/\/casse-noisettes.org\/site\/wp-json\/wp\/v2\/pages"}],"about":[{"href":"https:\/\/casse-noisettes.org\/site\/wp-json\/wp\/v2\/types\/page"}],"author":[{"embeddable":true,"href":"https:\/\/casse-noisettes.org\/site\/wp-json\/wp\/v2\/users\/2"}],"replies":[{"embeddable":true,"href":"https:\/\/casse-noisettes.org\/site\/wp-json\/wp\/v2\/comments?post=55"}],"version-history":[{"count":10,"href":"https:\/\/casse-noisettes.org\/site\/wp-json\/wp\/v2\/pages\/55\/revisions"}],"predecessor-version":[{"id":226,"href":"https:\/\/casse-noisettes.org\/site\/wp-json\/wp\/v2\/pages\/55\/revisions\/226"}],"wp:attachment":[{"href":"https:\/\/casse-noisettes.org\/site\/wp-json\/wp\/v2\/media?parent=55"}],"curies":[{"name":"wp","href":"https:\/\/api.w.org\/{rel}","templated":true}]}}