{"id":5,"date":"2021-10-29T15:54:15","date_gmt":"2021-10-29T13:54:15","guid":{"rendered":"https:\/\/casse-noisettes.org\/site\/?page_id=5"},"modified":"2023-03-15T09:07:45","modified_gmt":"2023-03-15T08:07:45","slug":"create-your-website-with-blocks","status":"publish","type":"page","link":"https:\/\/casse-noisettes.org\/site\/create-your-website-with-blocks\/","title":{"rendered":"Point de d\u00e9part et horizon du collectif"},"content":{"rendered":"\n<h1 class=\"wp-block-heading\"><em>Brisons la masculinit\u00e9 dominante<\/em><\/h1>\n\n\n\n<p><strong>Casse-Noisettes est un collectif visant \u00e0 <\/strong><strong>comprendre les sch\u00e9mas de domination de la masculinit\u00e9 h\u00e9g\u00e9monique, <\/strong><strong>\u00e0 <\/strong><strong>d\u00e9construire ses pratiques <\/strong><strong>et<\/strong><strong> faire exister des alternatives.<\/strong><\/p>\n\n\n\n<h1 class=\"wp-block-heading\">Contexte<\/h1>\n\n\n\n<p>\u00ab&nbsp;<em>On ne na\u00eet pas femme, on le devient <\/em>\u00bb. Quiconque s\u2019int\u00e9resse aux enjeux d\u2019\u00e9galit\u00e9 des genres conna\u00eet cette assertion de Simone de Beauvoir. Les r\u00f4les et qualit\u00e9s traditionnellement associ\u00e9s au genres f\u00e9minins et masculins sont le fruit de constructions sociales issues de l\u2019Histoire que nos soci\u00e9t\u00e9s charrient. Ces traditions sont entretenues par l\u2019\u00e9ducation, la culture, les m\u00e9dias ou la publicit\u00e9&nbsp;; elles sont d\u00e9fendues par nos institutions et nos syst\u00e8mes juridiques.<\/p>\n\n\n\n<p>Le constat de Simone de Beauvoir vaut tout autant pour les hommes<sup><a href=\"#sdfootnote1sym\"><sup>1<\/sup><\/a><\/sup>&nbsp;: o<em>n ne na\u00eet pas homme, on le devient<\/em>.<\/p>\n\n\n\n<p>Bien que les genres f\u00e9minins et masculins<a href=\"#sdfootnote2sym\"><sup>2<\/sup><\/a> sont tous deux des constructions sociales, ils ne sont pas \u00e9gaux&nbsp;: le genre masculin domine et oppresse le genre f\u00e9minin.<\/p>\n\n\n\n<h1 class=\"wp-block-heading\">Construction sociale du <em>masculin<\/em> et subordination du <em>f\u00e9minin<\/em><\/h1>\n\n\n\n<p>Dans nos soci\u00e9t\u00e9 patriarcales<sup><a href=\"#sdfootnote3sym\"><sup>3<\/sup><\/a><\/sup>, le masculin, valoris\u00e9, se construit en opposition au f\u00e9minin, d\u00e9valoris\u00e9. Cette construction s\u2019amorce d\u00e8s l\u2019enfance, o\u00f9 les gar\u00e7ons apprennent \u00e0 devenir des hommes en se distinguant des filles&nbsp;: ils adoptent une posture de domination et parfois de rejet vis-\u00e0-vis des activit\u00e9s ou caract\u00e9ristiques associ\u00e9es au f\u00e9minin. Cette construction est tendue vers un id\u00e9al de virilit\u00e9, qui est l\u2019ensemble des caract\u00e9ristiques physiques, psychiques ou sexuelles culturellement associ\u00e9es aux hommes dans une soci\u00e9t\u00e9 patriarcale&nbsp;: force physique, puissance sexuelle, agressivit\u00e9, courage, amputation de ses \u00e9motions, rationalit\u00e9, etc.<\/p>\n\n\n\n<p>Cette construction du genre masculin entretient ainsi un syst\u00e8me de domination au sommet duquel se trouve la masculinit\u00e9 h\u00e9g\u00e9monique<sup><a href=\"#sdfootnote4sym\"><sup>4<\/sup><\/a><\/sup> (\u00e0 laquelle correspond l\u2019id\u00e9al de virilit\u00e9), c\u2019est-\u00e0-dire l\u2019expression de genre qui garantit une position de domination des hommes cisgenres, h\u00e9t\u00e9rosexuels, occidentaux, blancs, valides et riches. En dessous se trouvent les femmes et les personnes n\u2019appartenant pas \u00e0 ce st\u00e9r\u00e9otype&nbsp;: personnes trans, homosexuelles, non-occidentales, racis\u00e9es, personnes en situation de handicap, pauvres.<\/p>\n\n\n\n<p>La complicit\u00e9 et la solidarit\u00e9 masculine permettent aux hommes qui ne r\u00e9pondent pas \u00e0 l\u2019ensemble des crit\u00e8res de l\u2019id\u00e9al de virilit\u00e9 de b\u00e9n\u00e9ficier par ruissellement des avantages du groupe des hommes, et au syst\u00e8me patriarcal de perdurer<sup><a href=\"#sdfootnote5sym\"><sup>5<\/sup><\/a><\/sup>.<\/p>\n\n\n\n<p>Enfin, la masculinit\u00e9 h\u00e9g\u00e9monique enferme les hommes eux-m\u00eames dans des st\u00e9r\u00e9otypes de genre et des injonctions \u00e0 la virilit\u00e9 n\u00e9fastes, au titre desquelles, par exemple, l\u2019amputation des \u00e9motions et la d\u00e9valorisation de l\u2019empathie, sources de rapports humains d\u00e9grad\u00e9s. Ces injonctions n\u2019ont, rappelons-le, rien de comparable \u00e0 celles, bien plus oppressives, pesant sur les femmes. Mais leur d\u00e9passement nous semble \u00e9galement lib\u00e9rateur.<\/p>\n\n\n\n<p>La masculinit\u00e9 dominante sectionne ainsi l\u2019humanit\u00e9 en deux grandes cat\u00e9gories construites socialement, et enferme chacun\u00b7e dans des st\u00e9r\u00e9otypes de genre qui reproduisent les in\u00e9galit\u00e9s et entretiennent des sch\u00e9mas de domination.<\/p>\n\n\n\n<p>D\u00e8s lors, nous pensons qu\u2019il n\u2019est pas possible d\u2019\u00e9voluer vers une soci\u00e9t\u00e9 juste et pacifi\u00e9e sans remettre en cause cette masculinit\u00e9 dominante.<\/p>\n\n\n\n<h1 class=\"wp-block-heading\">D\u00e9construire la masculinit\u00e9 dominante, construire d\u2019autres identit\u00e9s<\/h1>\n\n\n\n<p>Cette masculinit\u00e9 h\u00e9g\u00e9monique est non seulement toxique pour la soci\u00e9t\u00e9, mais elle d\u00e9grade \u00e9galement nos rapports aux non-humains et \u00e0 l\u2019environnement. Elle am\u00e8ne les hommes \u00e0 des conduites nocives&nbsp;: culture de la comp\u00e9tition, de la consommation \u00e0 outrance et de la pr\u00e9dation notamment.<\/p>\n\n\n\n<p>D\u00e8s lors, d\u00e9construire et analyser la masculinit\u00e9 dominante est un pr\u00e9alable \u00e0 la construction d\u2019identit\u00e9s alternatives, respectueuse des relations humaines et non humaines.<\/p>\n\n\n\n<p>Pourtant, ce travail repose aujourd\u2019hui tr\u00e8s majoritairement sur l\u2019\u00e9nergie d\u2019autres personnes que les hommes, en particulier sur les mouvements f\u00e9ministes et queer. Il est n\u00e9cessaire que les hommes assument cette charge et se responsabilisent sur le sujet, et mettent en avant d\u2019autres r\u00e9cits.<\/p>\n\n\n\n<p>C\u2019est dans cet esprit que le collectif <em>Casse-Noisettes <\/em>se structure, en cette fin d\u2019ann\u00e9e 2021. Pour refuser un syst\u00e8me patriarcal oppresseur, pour apprendre \u00e0 contrecarrer au quotidien la solidarit\u00e9 masculine toxique, pour cheminer ensemble vers d\u2019autres identit\u00e9s !<\/p>\n\n\n\n<h1 class=\"wp-block-heading\">Objet et m\u00e9thodes du collectif<\/h1>\n\n\n\n<p>Le collectif a pour intention de cr\u00e9er un espace et un cadre de d\u00e9construction de la masculinit\u00e9 h\u00e9g\u00e9monique.<\/p>\n\n\n\n<p>Cet espace aura pour objectif de l\u00e9gitimer, rendre enviable et faire exister d\u2019autres formes d\u2019identit\u00e9s, en veillant \u00e0 ne pas substituer \u00e0 la masculinit\u00e9 dominante le r\u00e9cit d\u2019une alternative unique.<\/p>\n\n\n\n<p>Les personnes \u00e0 l\u2019origine de ce texte se sont retrouv\u00e9es initialement pour \u00e9viter d\u2019avoir \u00e0 revivre certaines situations&nbsp;: quand les hommes agressent voire d\u00e9truisent les autres humains, animaux et v\u00e9g\u00e9taux&nbsp;; quand ils s\u2019accaparent les ressources au d\u00e9triment des autres&nbsp;; quand ils parlent longuement sans \u00e9couter ni laisser l\u2019autre s\u2019exprimer&nbsp;; quand ils se consid\u00e8rent comme les seuls sujets dans un monde d\u2019objets&nbsp;; quand l\u2019humour moqueur et la comp\u00e9tition emp\u00eachent toute expression de sentiments sinc\u00e8res&#8230;<\/p>\n\n\n\n<p>Nous souhaitons d\u00e8s lors contribuer \u00e0 la cr\u00e9ation d\u2019espaces d\u2019apprentissage collectif, de prise de conscience de sch\u00e9mas patriarcaux toxiques du quotidien, d\u2019outillage pour r\u00e9agir. Les activit\u00e9s potentielles sont nombreuses et seront librement propos\u00e9es par les membres actif\u00b7ves, au gr\u00e9 des envies, tant qu\u2019elles respectent le positionnement et les valeurs communes<sup><a href=\"#sdfootnote6sym\"><sup>6<\/sup><\/a><\/sup>. Une attention sera port\u00e9e \u00e0 l\u2019inclusivit\u00e9 et \u00e0 la diversit\u00e9 dans les formats et contenus propos\u00e9s&nbsp;; ainsi que les lieux o\u00f9 ils se d\u00e9rouleront.<\/p>\n\n\n\n<p>En coh\u00e9rence avec notre charte et les membres qui composeront Casse-noisettes, nous organiserons par exemple des ateliers pour&nbsp;:<\/p>\n\n\n\n<ul class=\"wp-block-list\"><li><strong>R\u00e9fl\u00e9chir ensemble&nbsp;<\/strong>: des lectures communes d\u2019essais sur la virilit\u00e9, des arpentages sur la pornographie, des projections de documentaires sp\u00e9cialis\u00e9s ou de s\u00e9ries, ateliers d\u2019\u00e9criture (slam, po\u00e8mes)&nbsp;;<\/li><li><strong>Prendre soin de nous&nbsp;:<\/strong> atelier cueillette et confiture du grand-p\u00e8re pour discuter du r\u00e9cit de la masculinit\u00e9 \u00e0 travers les g\u00e9n\u00e9rations, des cercles de discussions sur des sujets vari\u00e9s&nbsp;: la contraception, la sexualit\u00e9, la drague, les complexes, les relations amicales et amoureuses, etc. &nbsp;;<\/li><li><strong>Casser les codes du masculin<\/strong>&nbsp;: des apr\u00e8s-midi de pratiques sportives non-viriles, des ateliers manuels \u00ab&nbsp;fais-le toi-m\u00eame&nbsp;\u00bb pour fabriquer des produits d\u2019entretien \u00e9cologiques ou des cadeaux, atelier cuisine et r\u00e9flexion sur la place de la viande dans notre alimentation, etc&nbsp;;<\/li><li><strong>Soutenir les luttes alli\u00e9es&nbsp;: <\/strong>organisations d\u2019une cantine de soutien, des coups de mains amicaux sur les gros \u00e9v\u00e9nements f\u00e9ministes, etc&nbsp;;<\/li><li><strong>S\u2019outiller pour agir et r\u00e9agir<\/strong>&nbsp;: des s\u00e9ances de th\u00e9\u00e2tre de l\u2019opprim\u00e9 pour saisir comment r\u00e9agir sur des situations de sexisme, atelier d\u2019autod\u00e9fense intellectuelle et de d\u00e9construction des discours masculinistes, etc.<\/li><\/ul>\n\n\n\n<p>Si certaines activit\u00e9s pourront \u00eatre propos\u00e9es en non-mixit\u00e9 afin de faciliter le partage d\u2019exp\u00e9riences individuelles, d\u2019autres seront mixtes et permettront notamment de tisser des liens avec les mouvements alli\u00e9s.<\/p>\n\n\n\n<p>Ces activit\u00e9s auront pour objectif de cheminer collectivement vers des masculinit\u00e9s alternatives d\u2019une part, et de relayer les discours existants sur le sujet d\u2019autre part.<\/p>\n\n\n\n<h1 class=\"wp-block-heading\">Positionnement et valeurs du collectif<\/h1>\n\n\n\n<p>Le collectif affirme un positionnement d\u2019alli\u00e9 des mouvements f\u00e9ministe et LGBTQIA+. La d\u00e9construction de la masculinit\u00e9 dominante est un pr\u00e9alable essentiel \u00e0 cette posture d\u2019alli\u00e9\u00b7es et aux passerelles \u00e0 b\u00e2tir avec ces mouvements. Une attention particuli\u00e8re sera apport\u00e9e \u00e0 ne pas invisibiliser les luttes de ces mouvements et la parole de ses membres.<\/p>\n\n\n\n<p>Pour cela, le collectif souhaite se soumettre \u00e0 des exercices de r\u00e9flexivit\u00e9 sur ses pratiques et ses discours en \u00e9coutant et int\u00e9grant la critique et les \u00e9clairages de ces mouvements. Concr\u00e8tement, nous souhaitons constituer un \u00ab comit\u00e9 d\u2019\u00e9thique<sup><a href=\"#sdfootnote7sym\"><sup>7<\/sup><\/a><\/sup> \u00bb compos\u00e9 de personnes morales ou physiques qui aura pour t\u00e2che de garantir la conformit\u00e9 des activit\u00e9s du collectif avec son objet.<\/p>\n\n\n\n<p>Casse-Noisette affirme son opposition ferme aux th\u00e8ses masculinistes et emploiera une partie de son \u00e9nergie \u00e0 d\u00e9construire et combattre ces discours.<\/p>\n\n\n\n<p>Le collectif se reconna\u00eet et d\u00e9fend les valeurs d\u2019autogestion, d\u2019\u00e9ducation populaire, de communication bienveillante, d\u2019inclusivit\u00e9 et d\u2019accueil, et d\u00e9nonce toutes les formes de domination.<\/p>\n\n\n\n<p><a href=\"#sdfootnote1anc\">1<\/a> Nous d\u00e9signons principalement dans ce texte par le terme d\u2019<em>hommes<\/em> les hommes cisgenres h\u00e9t\u00e9rosexuels, par abus de langage et pour ne pas le surcharger. Il ne s\u2019agit pas d\u2019invisibiliser les personnes non cisgenres ou non h\u00e9t\u00e9rosexuelles, ni d\u2019insinuer que les masculinit\u00e9s non h\u00e9t\u00e9rosexuelles ou non cisgenres ne n\u00e9cessitent pas d\u2019\u00eatre d\u00e9construites, mais plut\u00f4t de renvoyer par ce terme aux caract\u00e9ristiques de la masculinit\u00e9 dominante.<\/p>\n\n\n\n<p><a href=\"#sdfootnote2anc\">2<\/a> Masculin peut \u00eatre d\u00e9fini ici \u00e0 l\u2019ensemble des pratiques de genre renvoyant au r\u00f4le social d\u2019homme dans une soci\u00e9t\u00e9 patriarcale occidentale.<\/p>\n\n\n\n<p><a href=\"#sdfootnote3anc\">3<\/a> Nous d\u00e9finirons ici la soci\u00e9t\u00e9 patriarcale comme un syst\u00e8me d\u2019oppression domin\u00e9 par les hommes reposant sur une organisation sociale, juridique et politique fond\u00e9e sur la d\u00e9tention de l\u2019autorit\u00e9 par les hommes, \u00e0 l\u2019exclusion explicite des femmes. Dans ce syst\u00e8me, le masculin est \u00e0 la fois norme sup\u00e9rieure et la norme universelle.<\/p>\n\n\n\n<p><a href=\"#sdfootnote4anc\">4<\/a> Nous confondons ici masculinit\u00e9 dominante et masculinit\u00e9 h\u00e9g\u00e9monique.<\/p>\n\n\n\n<p><a href=\"#sdfootnote5anc\">5<\/a> Voir Raewyn Connell, Masculint\u00e9s, enjeux sociaux de l\u2019h\u00e9g\u00e9monie. Ed. Amsterdam, 2014.<\/p>\n\n\n\n<p><a href=\"#sdfootnote6anc\">6<\/a> Une charte est en construction.<\/p>\n\n\n\n<p><a href=\"#sdfootnote7anc\">7<\/a> Le nom est encore \u00e0 arr\u00eater.<\/p>\n\n\n\n<figure class=\"wp-block-image size-large\"><img loading=\"lazy\" decoding=\"async\" width=\"1024\" height=\"717\" src=\"https:\/\/casse-noisettes.org\/site\/wp-content\/uploads\/2022\/02\/casse-noisette-VF-1024x717.png\" alt=\"\" class=\"wp-image-255\" srcset=\"https:\/\/casse-noisettes.org\/site\/wp-content\/uploads\/2022\/02\/casse-noisette-VF-1024x717.png 1024w, https:\/\/casse-noisettes.org\/site\/wp-content\/uploads\/2022\/02\/casse-noisette-VF-300x210.png 300w, https:\/\/casse-noisettes.org\/site\/wp-content\/uploads\/2022\/02\/casse-noisette-VF-768x538.png 768w, https:\/\/casse-noisettes.org\/site\/wp-content\/uploads\/2022\/02\/casse-noisette-VF.png 1110w\" sizes=\"auto, (max-width: 1024px) 100vw, 1024px\" \/><\/figure>\n","protected":false},"excerpt":{"rendered":"<p>Brisons la masculinit\u00e9 dominante Casse-Noisettes est un collectif visant \u00e0 comprendre les sch\u00e9mas de domination de la masculinit\u00e9 h\u00e9g\u00e9monique, \u00e0 d\u00e9construire ses pratiques et faire exister des alternatives. Contexte \u00ab&nbsp;On ne na\u00eet pas femme, on le devient \u00bb. Quiconque s\u2019int\u00e9resse aux enjeux d\u2019\u00e9galit\u00e9 des genres conna\u00eet cette assertion de Simone de Beauvoir. Les r\u00f4les et [&hellip;]<\/p>\n","protected":false},"author":1,"featured_media":0,"parent":0,"menu_order":0,"comment_status":"closed","ping_status":"closed","template":"","meta":{"footnotes":""},"class_list":["post-5","page","type-page","status-publish","czr-hentry"],"blog_post_layout_featured_media_urls":{"thumbnail":"","full":""},"categories_names":null,"comments_number":"0","_links":{"self":[{"href":"https:\/\/casse-noisettes.org\/site\/wp-json\/wp\/v2\/pages\/5","targetHints":{"allow":["GET"]}}],"collection":[{"href":"https:\/\/casse-noisettes.org\/site\/wp-json\/wp\/v2\/pages"}],"about":[{"href":"https:\/\/casse-noisettes.org\/site\/wp-json\/wp\/v2\/types\/page"}],"author":[{"embeddable":true,"href":"https:\/\/casse-noisettes.org\/site\/wp-json\/wp\/v2\/users\/1"}],"replies":[{"embeddable":true,"href":"https:\/\/casse-noisettes.org\/site\/wp-json\/wp\/v2\/comments?post=5"}],"version-history":[{"count":15,"href":"https:\/\/casse-noisettes.org\/site\/wp-json\/wp\/v2\/pages\/5\/revisions"}],"predecessor-version":[{"id":301,"href":"https:\/\/casse-noisettes.org\/site\/wp-json\/wp\/v2\/pages\/5\/revisions\/301"}],"wp:attachment":[{"href":"https:\/\/casse-noisettes.org\/site\/wp-json\/wp\/v2\/media?parent=5"}],"curies":[{"name":"wp","href":"https:\/\/api.w.org\/{rel}","templated":true}]}}