{"id":45,"date":"2021-11-01T17:12:31","date_gmt":"2021-11-01T16:12:31","guid":{"rendered":"https:\/\/casse-noisettes.org\/site\/?page_id=45"},"modified":"2021-11-11T12:47:42","modified_gmt":"2021-11-11T11:47:42","slug":"les-films","status":"publish","type":"page","link":"https:\/\/casse-noisettes.org\/site\/ressources\/les-films\/","title":{"rendered":"Les films"},"content":{"rendered":"\n<div class=\"wp-block-group\"><div class=\"wp-block-group__inner-container is-layout-flow wp-block-group-is-layout-flow\">\n<div class=\"wp-block-group alignwide is-style-default\"><div class=\"wp-block-group__inner-container is-layout-flow wp-block-group-is-layout-flow\">\n<div class=\"wp-block-columns alignwide is-style-default is-layout-flex wp-container-core-columns-is-layout-9d6595d7 wp-block-columns-is-layout-flex\">\n<div class=\"wp-block-column is-layout-flow wp-block-column-is-layout-flow\"><div id=\"cv-grid-post-layout\" class=\"block-84542938-2711-4f34-a5d4-43224cc9394a cv-block cv-block-grid--layout-one\">    <div class=\"cv-post-wrapper cv-post--imagemargin column--three\">\r\n                        <article post-id=\"post-338\" class=\"cv-post post-format--standard cv-icon\" itemscope itemtype=\"http:\/\/schema.org\/articleBody\">\r\n                                        <div class=\"cv-post-thumb\">\r\n                        <a href=\"https:\/\/casse-noisettes.org\/site\/dallas-buyers-club-jean-marc-vallee\/\"><img decoding=\"async\" src=\"https:\/\/casse-noisettes.org\/site\/wp-content\/uploads\/2023\/06\/Dallas-Buyers-Club-434x635-1.jpg\" alt=\"Dallas Buyers Club &#8212; Jean Marc Vall\u00e9e\"\/><\/a>\r\n                    <\/div>\r\n                    <h2 class=\"cv-post-title\">\r\n                        <a href=\"https:\/\/casse-noisettes.org\/site\/dallas-buyers-club-jean-marc-vallee\/\" target=\"_self\">\r\n                            Dallas Buyers Club &#8212; Jean Marc Vall\u00e9e                        <\/a>\r\n                    <\/h2>\r\n                    <div class=\"cv-post-meta cv-meta-icon-show\">\r\n                        <span class=\"cv-post-tags-wrap cv-post-meta-item\"><span class=\"cv-post-tag\"><a href=\"https:\/\/casse-noisettes.org\/site\/tag\/biographie\/\">biographie<\/a><\/span><span class=\"cv-post-tag\"><a href=\"https:\/\/casse-noisettes.org\/site\/tag\/virilite\/\">virilit\u00e9<\/a><\/span><\/span>                    <\/div>\r\n                <div class=\"cv-post-content\" itemprop=\"description\">En 1985, \u00e0 Dallas, Ron Woodroof, un cowboy violent, macho et homophobe, adepte du rod\u00e9o, de l&rsquo;alcool, de la coca\u00efne et du sexe, est d\u00e9clar\u00e9 s\u00e9ropositif au VIH, et apprend qu&rsquo;il ne lui reste plus que trente jours \u00e0 vivre, fatalit\u00e9 qu&rsquo;il nie et rejette d&rsquo;abord violemment. Mais alors qu&rsquo;il croyait le sida r\u00e9serv\u00e9 aux [&hellip;]<\/div><div class=\"cv-read-more\"><a href=https:\/\/casse-noisettes.org\/site\/dallas-buyers-club-jean-marc-vallee\/>Read more<i class=\"fas fa-arrow-right\"><\/i><\/a><\/div>                <\/article>\r\n                        <article post-id=\"post-332\" class=\"cv-post post-format--standard cv-icon\" itemscope itemtype=\"http:\/\/schema.org\/articleBody\">\r\n                                        <div class=\"cv-post-thumb\">\r\n                        <a href=\"https:\/\/casse-noisettes.org\/site\/pleasure-ninja-thyberg\/\"><img decoding=\"async\" src=\"https:\/\/casse-noisettes.org\/site\/wp-content\/uploads\/2023\/06\/pleasure-affiche-benjamin-seznec.webp\" alt=\"Pleasure &#8211; Ninja Thyberg\"\/><\/a>\r\n                    <\/div>\r\n                    <h2 class=\"cv-post-title\">\r\n                        <a href=\"https:\/\/casse-noisettes.org\/site\/pleasure-ninja-thyberg\/\" target=\"_self\">\r\n                            Pleasure &#8211; Ninja Thyberg                        <\/a>\r\n                    <\/h2>\r\n                    <div class=\"cv-post-meta cv-meta-icon-show\">\r\n                        <span class=\"cv-post-tags-wrap cv-post-meta-item\"><span class=\"cv-post-tag\"><a href=\"https:\/\/casse-noisettes.org\/site\/tag\/pornographie\/\">pornographie<\/a><\/span><\/span>                    <\/div>\r\n                <div class=\"cv-post-content\" itemprop=\"description\">Bella Cherry (Sofia Kappel), une jeune su\u00e9doise de 20 ans, arrive \u00e0 Los Angeles avec l&rsquo;ambition de devenir actrice pornographique avant de finalement d\u00e9couvrir l&rsquo;envers du d\u00e9cor de ce monde qu&rsquo;est l&rsquo;industrie pour adulte. Plus d&rsquo;info ici :\u00a0https:\/\/fr.wikipedia.org\/wiki\/Pleasure_(film,_2021)<\/div><div class=\"cv-read-more\"><a href=https:\/\/casse-noisettes.org\/site\/pleasure-ninja-thyberg\/>Read more<i class=\"fas fa-arrow-right\"><\/i><\/a><\/div>                <\/article>\r\n                        <article post-id=\"post-325\" class=\"cv-post post-format--standard cv-icon\" itemscope itemtype=\"http:\/\/schema.org\/articleBody\">\r\n                                        <div class=\"cv-post-thumb\">\r\n                        <a href=\"https:\/\/casse-noisettes.org\/site\/les-beaux-gosses-riad-sattouf\/\"><img decoding=\"async\" src=\"https:\/\/casse-noisettes.org\/site\/wp-content\/uploads\/2023\/06\/les-beaux-gosses.jpg\" alt=\"Les beaux gosses &#8212; Riad Sattouf\"\/><\/a>\r\n                    <\/div>\r\n                    <h2 class=\"cv-post-title\">\r\n                        <a href=\"https:\/\/casse-noisettes.org\/site\/les-beaux-gosses-riad-sattouf\/\" target=\"_self\">\r\n                            Les beaux gosses &#8212; Riad Sattouf                        <\/a>\r\n                    <\/h2>\r\n                    <div class=\"cv-post-meta cv-meta-icon-show\">\r\n                                            <\/div>\r\n                <div class=\"cv-post-content\" itemprop=\"description\">Adolescent un peu mal dans sa peau qui tente de s&rsquo;\u00e9manciper de sa m\u00e8re d\u00e9pressive, Herv\u00e9 est en 3e au coll\u00e8ge \u00c9ric-Tabarly \u00e0 Rennes. Il n&rsquo;a pas la cote aupr\u00e8s des filles. Mais il s&rsquo;aper\u00e7oit qu&rsquo;il pla\u00eet \u00e0 l&rsquo;une des plus jolies filles de sa classe\u00a0: Aurore. Camel, son meilleur ami, le soutient.<\/div><div class=\"cv-read-more\"><a href=https:\/\/casse-noisettes.org\/site\/les-beaux-gosses-riad-sattouf\/>Read more<i class=\"fas fa-arrow-right\"><\/i><\/a><\/div>                <\/article>\r\n                        <article post-id=\"post-305\" class=\"cv-post post-format--standard cv-icon\" itemscope itemtype=\"http:\/\/schema.org\/articleBody\">\r\n                                        <div class=\"cv-post-thumb\">\r\n                        <a href=\"https:\/\/casse-noisettes.org\/site\/close\/\"><img decoding=\"async\" src=\"https:\/\/casse-noisettes.org\/site\/wp-content\/uploads\/2023\/06\/close.jpg\" alt=\"Close\"\/><\/a>\r\n                    <\/div>\r\n                    <h2 class=\"cv-post-title\">\r\n                        <a href=\"https:\/\/casse-noisettes.org\/site\/close\/\" target=\"_self\">\r\n                            Close                        <\/a>\r\n                    <\/h2>\r\n                    <div class=\"cv-post-meta cv-meta-icon-show\">\r\n                                            <\/div>\r\n                <div class=\"cv-post-content\" itemprop=\"description\">Synopsis L\u00e9o est un coll\u00e9gien qui partage une tr\u00e8s forte amiti\u00e9 avec R\u00e9mi. Les deux gar\u00e7ons passent l&rsquo;essentiel de leur temps libre ensemble, L\u00e9o dormant fr\u00e9quemment chez R\u00e9mi avec la bienveillance de Sophie, la m\u00e8re de ce dernier qui consid\u00e8re L\u00e9o comme son propre fils. L\u00e9o, plus extraverti que R\u00e9mi, encourage fortement la passion de [&hellip;]<\/div><div class=\"cv-read-more\"><a href=https:\/\/casse-noisettes.org\/site\/close\/>Read more<i class=\"fas fa-arrow-right\"><\/i><\/a><\/div>                <\/article>\r\n                        <article post-id=\"post-232\" class=\"cv-post post-format--standard cv-icon\" itemscope itemtype=\"http:\/\/schema.org\/articleBody\">\r\n                                        <div class=\"cv-post-thumb\">\r\n                        <a href=\"https:\/\/casse-noisettes.org\/site\/make-me-a-man\/\"><img decoding=\"async\" src=\"https:\/\/casse-noisettes.org\/site\/wp-content\/uploads\/2022\/02\/couverture-make-me-a-man-e1645470009936.jpg\" alt=\"Make me a man\"\/><\/a>\r\n                    <\/div>\r\n                    <h2 class=\"cv-post-title\">\r\n                        <a href=\"https:\/\/casse-noisettes.org\/site\/make-me-a-man\/\" target=\"_self\">\r\n                            Make me a man                        <\/a>\r\n                    <\/h2>\r\n                    <div class=\"cv-post-meta cv-meta-icon-show\">\r\n                        <span class=\"cv-post-tags-wrap cv-post-meta-item\"><span class=\"cv-post-tag\"><a href=\"https:\/\/casse-noisettes.org\/site\/tag\/docu\/\">docu<\/a><\/span><\/span>                    <\/div>\r\n                <div class=\"cv-post-content\" itemprop=\"description\">Synopsis Pour une heure seulement, vous \u00eates invit\u00e9.e \u00e0 rejoindre un cercle d\u2019hommes. Apr\u00e8s 3 ann\u00e9es de r\u00e9alisation, sous le nom de code Meetings with Remarkable Men, la nouvelle version MAKE ME A MAN p\u00e9n\u00e8tre au c\u0153ur du processus th\u00e9rapeutique d\u2019hommes, qui ont choisi de vivre une vie de r\u00e9flexion, d\u2019\u00e9volution et de soutien. D\u00e9couvrez [&hellip;]<\/div><div class=\"cv-read-more\"><a href=https:\/\/casse-noisettes.org\/site\/make-me-a-man\/>Read more<i class=\"fas fa-arrow-right\"><\/i><\/a><\/div>                <\/article>\r\n                        <article post-id=\"post-231\" class=\"cv-post post-format--standard cv-icon\" itemscope itemtype=\"http:\/\/schema.org\/articleBody\">\r\n                                        <div class=\"cv-post-thumb\">\r\n                        <a href=\"https:\/\/casse-noisettes.org\/site\/la-domination-masculine\/\"><img decoding=\"async\" src=\"https:\/\/casse-noisettes.org\/site\/wp-content\/uploads\/2022\/02\/143442-e1645469553826.webp\" alt=\"La domination masculine\"\/><\/a>\r\n                    <\/div>\r\n                    <h2 class=\"cv-post-title\">\r\n                        <a href=\"https:\/\/casse-noisettes.org\/site\/la-domination-masculine\/\" target=\"_self\">\r\n                            La domination masculine                        <\/a>\r\n                    <\/h2>\r\n                    <div class=\"cv-post-meta cv-meta-icon-show\">\r\n                        <span class=\"cv-post-tags-wrap cv-post-meta-item\"><span class=\"cv-post-tag\"><a href=\"https:\/\/casse-noisettes.org\/site\/tag\/docu\/\">docu<\/a><\/span><\/span>                    <\/div>\r\n                <div class=\"cv-post-content\" itemprop=\"description\">\u00a0\u00bb Je veux que les spectateurs se disputent en sortant de la salle \u00ab\u00a0, c&rsquo;est ce que disait Patric Jean en tournant La Domination masculine. Peut-on croire qu&rsquo;au XXI\u00e8me si\u00e8cle, des hommes exigent le retour aux valeurs ancestrales du patriarcat : les femmes \u00e0 la cuisine et les hommes au pouvoir ? Peut-on imaginer que [&hellip;]<\/div><div class=\"cv-read-more\"><a href=https:\/\/casse-noisettes.org\/site\/la-domination-masculine\/>Read more<i class=\"fas fa-arrow-right\"><\/i><\/a><\/div>                <\/article>\r\n                        <article post-id=\"post-64\" class=\"cv-post post-format--standard cv-icon\" itemscope itemtype=\"http:\/\/schema.org\/articleBody\">\r\n                                        <div class=\"cv-post-thumb\">\r\n                        <a href=\"https:\/\/casse-noisettes.org\/site\/viril%c2%b7e%c2%b7s\/\"><img decoding=\"async\" src=\"https:\/\/casse-noisettes.org\/site\/wp-content\/uploads\/2021\/11\/Viril_e_s-e1636317886315.jpg\" alt=\"Viril\u00b7e\u00b7s\"\/><\/a>\r\n                    <\/div>\r\n                    <h2 class=\"cv-post-title\">\r\n                        <a href=\"https:\/\/casse-noisettes.org\/site\/viril%c2%b7e%c2%b7s\/\" target=\"_self\">\r\n                            Viril\u00b7e\u00b7s                        <\/a>\r\n                    <\/h2>\r\n                    <div class=\"cv-post-meta cv-meta-icon-show\">\r\n                        <span class=\"cv-post-tags-wrap cv-post-meta-item\"><span class=\"cv-post-tag\"><a href=\"https:\/\/casse-noisettes.org\/site\/tag\/docu\/\">docu<\/a><\/span><span class=\"cv-post-tag\"><a href=\"https:\/\/casse-noisettes.org\/site\/tag\/masculinites\/\">masculinit\u00e9s<\/a><\/span><span class=\"cv-post-tag\"><a href=\"https:\/\/casse-noisettes.org\/site\/tag\/virilite\/\">virilit\u00e9<\/a><\/span><\/span>                    <\/div>\r\n                <div class=\"cv-post-content\" itemprop=\"description\">Viril.e.s est un film qui questionne le genre \u00e0 partir d\u2019un territoire, pourtant ce n\u2019est pas un film sur l\u2019identit\u00e9 corse. Les intervenants sont corses, mais on s\u2019en fout\u2026 Viril.e.s est un moment de parole o\u00f9 on s\u2019interroge sur la mani\u00e8re dont un territoire fabrique une culture de genre. Pas bien diff\u00e9rente de la culture [&hellip;]<\/div><div class=\"cv-read-more\"><a href=https:\/\/casse-noisettes.org\/site\/viril%c2%b7e%c2%b7s\/>Read more<i class=\"fas fa-arrow-right\"><\/i><\/a><\/div>                <\/article>\r\n                        <article post-id=\"post-47\" class=\"cv-post post-format--standard cv-icon\" itemscope itemtype=\"http:\/\/schema.org\/articleBody\">\r\n                                        <div class=\"cv-post-thumb\">\r\n                        <a href=\"https:\/\/casse-noisettes.org\/site\/billy-eliott\/\"><img decoding=\"async\" src=\"https:\/\/casse-noisettes.org\/site\/wp-content\/uploads\/2021\/11\/billyElliot-e1636317910894.jpg\" alt=\"Billy Eliott\"\/><\/a>\r\n                    <\/div>\r\n                    <h2 class=\"cv-post-title\">\r\n                        <a href=\"https:\/\/casse-noisettes.org\/site\/billy-eliott\/\" target=\"_self\">\r\n                            Billy Eliott                        <\/a>\r\n                    <\/h2>\r\n                    <div class=\"cv-post-meta cv-meta-icon-show\">\r\n                                            <\/div>\r\n                <div class=\"cv-post-content\" itemprop=\"description\">Dans le nord-est de l&rsquo;Angleterre, en 1984, Billy Elliot est un jeune gar\u00e7on de onze ans qui habite dans une petite ville mini\u00e8re du comt\u00e9 de Durham avec son p\u00e8re Jackie, son fr\u00e8re a\u00een\u00e9 Tony et sa grand-m\u00e8re maternelle, sa m\u00e8re \u00e9tant d\u00e9c\u00e9d\u00e9e. Comme tout le voisinage, Jackie et Tony font le m\u00eame m\u00e9tier : [&hellip;]<\/div><div class=\"cv-read-more\"><a href=https:\/\/casse-noisettes.org\/site\/billy-eliott\/>Read more<i class=\"fas fa-arrow-right\"><\/i><\/a><\/div>                <\/article>\r\n            <\/div><\/div><\/div>\n<\/div>\n<\/div><\/div>\n<\/div><\/div>\n\n\n\n<div class=\"wp-block-columns are-vertically-aligned-center has-black-color has-text-color is-layout-flex wp-container-core-columns-is-layout-9d6595d7 wp-block-columns-is-layout-flex\">\n<div class=\"wp-block-column is-vertically-aligned-center is-layout-flow wp-block-column-is-layout-flow\" style=\"flex-basis:100%\">\n<div class=\"wp-block-group\"><div class=\"wp-block-group__inner-container is-layout-flow wp-block-group-is-layout-flow\"><\/div><\/div>\n<\/div>\n<\/div>\n\n\n\n<div class=\"wp-block-group\"><div class=\"wp-block-group__inner-container is-layout-flow wp-block-group-is-layout-flow\"><\/div><\/div>\n","protected":false},"excerpt":{"rendered":"","protected":false},"author":2,"featured_media":0,"parent":55,"menu_order":0,"comment_status":"closed","ping_status":"closed","template":"","meta":{"footnotes":""},"class_list":["post-45","page","type-page","status-publish","czr-hentry"],"blog_post_layout_featured_media_urls":{"thumbnail":"","full":""},"categories_names":null,"comments_number":"0","_links":{"self":[{"href":"https:\/\/casse-noisettes.org\/site\/wp-json\/wp\/v2\/pages\/45","targetHints":{"allow":["GET"]}}],"collection":[{"href":"https:\/\/casse-noisettes.org\/site\/wp-json\/wp\/v2\/pages"}],"about":[{"href":"https:\/\/casse-noisettes.org\/site\/wp-json\/wp\/v2\/types\/page"}],"author":[{"embeddable":true,"href":"https:\/\/casse-noisettes.org\/site\/wp-json\/wp\/v2\/users\/2"}],"replies":[{"embeddable":true,"href":"https:\/\/casse-noisettes.org\/site\/wp-json\/wp\/v2\/comments?post=45"}],"version-history":[{"count":10,"href":"https:\/\/casse-noisettes.org\/site\/wp-json\/wp\/v2\/pages\/45\/revisions"}],"predecessor-version":[{"id":213,"href":"https:\/\/casse-noisettes.org\/site\/wp-json\/wp\/v2\/pages\/45\/revisions\/213"}],"up":[{"embeddable":true,"href":"https:\/\/casse-noisettes.org\/site\/wp-json\/wp\/v2\/pages\/55"}],"wp:attachment":[{"href":"https:\/\/casse-noisettes.org\/site\/wp-json\/wp\/v2\/media?parent=45"}],"curies":[{"name":"wp","href":"https:\/\/api.w.org\/{rel}","templated":true}]}}