{"id":283,"date":"2022-11-07T10:28:42","date_gmt":"2022-11-07T09:28:42","guid":{"rendered":"https:\/\/casse-noisettes.org\/site\/?page_id=283"},"modified":"2022-11-15T20:17:12","modified_gmt":"2022-11-15T19:17:12","slug":"accueil","status":"publish","type":"page","link":"https:\/\/casse-noisettes.org\/site\/","title":{"rendered":"Le collectif Casse-Noisettes dans les grandes lignes"},"content":{"rendered":"\n<figure class=\"wp-block-image size-medium\"><img loading=\"lazy\" decoding=\"async\" width=\"300\" height=\"210\" src=\"https:\/\/casse-noisettes.org\/site\/wp-content\/uploads\/2022\/11\/image-300x210.png\" alt=\"\" class=\"wp-image-286\" srcset=\"https:\/\/casse-noisettes.org\/site\/wp-content\/uploads\/2022\/11\/image-300x210.png 300w, https:\/\/casse-noisettes.org\/site\/wp-content\/uploads\/2022\/11\/image-1024x717.png 1024w, https:\/\/casse-noisettes.org\/site\/wp-content\/uploads\/2022\/11\/image-768x538.png 768w, https:\/\/casse-noisettes.org\/site\/wp-content\/uploads\/2022\/11\/image.png 1110w\" sizes=\"auto, (max-width: 300px) 100vw, 300px\" \/><figcaption><br><em><strong>Un collectif visant \u00e0 comprendre les sch\u00e9mas de domination de la masculinit\u00e9 h\u00e9g\u00e9monique, d\u00e9construire ses pratiques, faire exister des alternatives<\/strong><\/em><\/figcaption><\/figure>\n\n\n\n<h2 class=\"wp-block-heading\">Qui sommes-nous<\/h2>\n\n\n\n<p>La masculinit\u00e9 h\u00e9g\u00e9monique est non seulement toxique pour la soci\u00e9t\u00e9, mais elle d\u00e9grade \u00e9galement nos rapports aux non-humains et \u00e0 l\u2019environnement. Elle am\u00e8ne les hommes \u00e0 des conduites nocives : culture de la comp\u00e9tition, de la consommation \u00e0 outrance et de la pr\u00e9dation notamment.<\/p>\n\n\n\n<p>D\u00e8s lors, d\u00e9construire et analyser la masculinit\u00e9 dominante est un pr\u00e9alable \u00e0 la construction de masculinit\u00e9s alternatives et plurielles, respectueuse des relations humaines et non humaines.<\/p>\n\n\n\n<p>Pourtant, ce travail repose aujourd\u2019hui tr\u00e8s majoritairement sur l\u2019\u00e9nergie d\u2019autres personnes que les hommes, en particulier sur les mouvements f\u00e9ministes et queer. Il est n\u00e9cessaire que les hommes assument cette charge et se responsabilisent sur le sujet, et mettent en avant d\u2019autres r\u00e9cits des masculinit\u00e9s.<\/p>\n\n\n\n<h2 class=\"wp-block-heading\">Ce qu&rsquo;on y fait<\/h2>\n\n\n\n<ul class=\"wp-block-list\"><li>r\u00e9fl\u00e9chir ensemble<\/li><li>prendre soin de nous<\/li><li>Casser les codes du masculin<\/li><li>Soutenir les luttes alli\u00e9es<\/li><li>S\u2019outiller pour agir et r\u00e9agir<\/li><\/ul>\n\n\n\n<h2 class=\"wp-block-heading\">Les rendez-vous actuellement<\/h2>\n\n\n\n<p>AG mensuelle, partage de ressources, club lecture, projections, cercles de paroles.<\/p>\n\n\n\n<p>&#8211;&gt; voir sur <a href=\"https:\/\/lille.demosphere.net\/\" data-type=\"URL\" data-id=\"https:\/\/lille.demosphere.net\/\">Demosphere<\/a> <\/p>\n\n\n\n<h2 class=\"wp-block-heading\">Positionnement et valeurs du collectif<\/h2>\n\n\n\n<ul class=\"wp-block-list\"><li>alli\u00e9 mouvements queer et f\u00e9ministes (qu\u2019on invisibilise pas)<\/li><li>valeurs autogestions, inclusivit\u00e9, de communication bienveillante, d\u2019inclusivit\u00e9 et d\u2019accueil, et d\u00e9nonce toutes les formes de domination.<\/li><\/ul>\n","protected":false},"excerpt":{"rendered":"<p>Qui sommes-nous La masculinit\u00e9 h\u00e9g\u00e9monique est non seulement toxique pour la soci\u00e9t\u00e9, mais elle d\u00e9grade \u00e9galement nos rapports aux non-humains et \u00e0 l\u2019environnement. Elle am\u00e8ne les hommes \u00e0 des conduites nocives : culture de la comp\u00e9tition, de la consommation \u00e0 outrance et de la pr\u00e9dation notamment. D\u00e8s lors, d\u00e9construire et analyser la masculinit\u00e9 dominante est [&hellip;]<\/p>\n","protected":false},"author":2,"featured_media":0,"parent":0,"menu_order":0,"comment_status":"closed","ping_status":"closed","template":"","meta":{"footnotes":""},"class_list":["post-283","page","type-page","status-publish","czr-hentry"],"blog_post_layout_featured_media_urls":{"thumbnail":"","full":""},"categories_names":null,"comments_number":"0","_links":{"self":[{"href":"https:\/\/casse-noisettes.org\/site\/wp-json\/wp\/v2\/pages\/283","targetHints":{"allow":["GET"]}}],"collection":[{"href":"https:\/\/casse-noisettes.org\/site\/wp-json\/wp\/v2\/pages"}],"about":[{"href":"https:\/\/casse-noisettes.org\/site\/wp-json\/wp\/v2\/types\/page"}],"author":[{"embeddable":true,"href":"https:\/\/casse-noisettes.org\/site\/wp-json\/wp\/v2\/users\/2"}],"replies":[{"embeddable":true,"href":"https:\/\/casse-noisettes.org\/site\/wp-json\/wp\/v2\/comments?post=283"}],"version-history":[{"count":5,"href":"https:\/\/casse-noisettes.org\/site\/wp-json\/wp\/v2\/pages\/283\/revisions"}],"predecessor-version":[{"id":297,"href":"https:\/\/casse-noisettes.org\/site\/wp-json\/wp\/v2\/pages\/283\/revisions\/297"}],"wp:attachment":[{"href":"https:\/\/casse-noisettes.org\/site\/wp-json\/wp\/v2\/media?parent=283"}],"curies":[{"name":"wp","href":"https:\/\/api.w.org\/{rel}","templated":true}]}}