{"id":253,"date":"2022-02-21T20:34:41","date_gmt":"2022-02-21T19:34:41","guid":{"rendered":"https:\/\/casse-noisettes.org\/site\/?page_id=253"},"modified":"2023-06-22T20:58:30","modified_gmt":"2023-06-22T18:58:30","slug":"les-podcasts","status":"publish","type":"page","link":"https:\/\/casse-noisettes.org\/site\/ressources\/les-podcasts\/","title":{"rendered":"Les Podcasts"},"content":{"rendered":"<div id=\"cv-grid-post-layout\" class=\"block-b27aa4a0-af75-46df-a762-16abe3b52f16 cv-block cv-block-grid--layout-one\">    <div class=\"cv-post-wrapper cv-post--imagemargin column--two\">\r\n                        <article post-id=\"post-341\" class=\"cv-post post-format--standard cv-icon\" itemscope itemtype=\"http:\/\/schema.org\/articleBody\">\r\n                                        <div class=\"cv-post-thumb\">\r\n                        <a href=\"https:\/\/casse-noisettes.org\/site\/paroles-de-mecs\/\"><img decoding=\"async\" src=\"https:\/\/casse-noisettes.org\/site\/wp-content\/uploads\/2023\/06\/paroledemecs.jpg\" alt=\"Paroles de mecs\"\/><\/a>\r\n                    <\/div>\r\n                    <h2 class=\"cv-post-title\">\r\n                        <a href=\"https:\/\/casse-noisettes.org\/site\/paroles-de-mecs\/\" target=\"_self\">\r\n                            Paroles de mecs                        <\/a>\r\n                    <\/h2>\r\n                    <div class=\"cv-post-meta cv-meta-icon-show\">\r\n                                            <\/div>\r\n                <div class=\"cv-post-content\" itemprop=\"description\">\u00c7a veut dire quoi \u201c\u00eatre viril\u201d ? Est-ce que c\u2019est important d\u2019\u00eatre viril dans notre soci\u00e9t\u00e9 et \u00a0sous quels crit\u00e8res ? Un mec qui n\u2019est pas viril, c\u2019est un mec fragile ? Les mecs se livrent sur\u00a0leurs visions de la virilit\u00e9, se sentent-ils virils ? \u201c\u00catre un homme\u201d qu\u2019est-ce que \u00e7a veut dire ? \u00ab [&hellip;]<\/div><div class=\"cv-read-more\"><a href=https:\/\/casse-noisettes.org\/site\/paroles-de-mecs\/>Read more<i class=\"fas fa-arrow-right\"><\/i><\/a><\/div>                <\/article>\r\n                        <article post-id=\"post-328\" class=\"cv-post post-format--standard cv-icon\" itemscope itemtype=\"http:\/\/schema.org\/articleBody\">\r\n                                        <div class=\"cv-post-thumb\">\r\n                        <a href=\"https:\/\/casse-noisettes.org\/site\/les-podcasts-de-floraison\/\"><img decoding=\"async\" src=\"https:\/\/casse-noisettes.org\/site\/wp-content\/uploads\/2023\/06\/Seduction-pornographique-vignette.jpg\" alt=\"Les podcasts de Floraison\"\/><\/a>\r\n                    <\/div>\r\n                    <h2 class=\"cv-post-title\">\r\n                        <a href=\"https:\/\/casse-noisettes.org\/site\/les-podcasts-de-floraison\/\" target=\"_self\">\r\n                            Les podcasts de Floraison                        <\/a>\r\n                    <\/h2>\r\n                    <div class=\"cv-post-meta cv-meta-icon-show\">\r\n                        <span class=\"cv-post-tags-wrap cv-post-meta-item\"><span class=\"cv-post-tag\"><a href=\"https:\/\/casse-noisettes.org\/site\/tag\/amour\/\">amour<\/a><\/span><span class=\"cv-post-tag\"><a href=\"https:\/\/casse-noisettes.org\/site\/tag\/masculinisme\/\">masculinisme<\/a><\/span><span class=\"cv-post-tag\"><a href=\"https:\/\/casse-noisettes.org\/site\/tag\/masculinites\/\">masculinit\u00e9s<\/a><\/span><span class=\"cv-post-tag\"><a href=\"https:\/\/casse-noisettes.org\/site\/tag\/patriarcat\/\">patriarcat<\/a><\/span><span class=\"cv-post-tag\"><a href=\"https:\/\/casse-noisettes.org\/site\/tag\/virilite\/\">virilit\u00e9<\/a><\/span><\/span>                    <\/div>\r\n                <div class=\"cv-post-content\" itemprop=\"description\">\u00c0 Casse-noisettes, on A-D-O-R-E les podcasts de Floraison !\u00a0Pour leurs radicalit\u00e9s, pour leur optimisme, leur profondeur, et aussi, carr\u00e9ment pour leurs bandes sons !\u00a0 N&rsquo;h\u00e9sitez pas \u00e0 consulter le site de Floraison et on vous conseille en particulier les podcasts sur la \u00ab Crise de la masculinit\u00e9 \u00bb avec Dupuis-Deri et sur le livre \u00ab [&hellip;]<\/div><div class=\"cv-read-more\"><a href=https:\/\/casse-noisettes.org\/site\/les-podcasts-de-floraison\/>Read more<i class=\"fas fa-arrow-right\"><\/i><\/a><\/div>                <\/article>\r\n                        <article post-id=\"post-322\" class=\"cv-post post-format--standard cv-icon\" itemscope itemtype=\"http:\/\/schema.org\/articleBody\">\r\n                                        <div class=\"cv-post-thumb\">\r\n                        <a href=\"https:\/\/casse-noisettes.org\/site\/les-couilles-sur-la-table-victoire-tuaillon\/\"><img decoding=\"async\" src=\"https:\/\/casse-noisettes.org\/site\/wp-content\/uploads\/2023\/06\/lescouillessurlatable.jpeg\" alt=\"Les couilles sur la table &#8211; Victoire Tuaillon\"\/><\/a>\r\n                    <\/div>\r\n                    <h2 class=\"cv-post-title\">\r\n                        <a href=\"https:\/\/casse-noisettes.org\/site\/les-couilles-sur-la-table-victoire-tuaillon\/\" target=\"_self\">\r\n                            Les couilles sur la table &#8211; Victoire Tuaillon                        <\/a>\r\n                    <\/h2>\r\n                    <div class=\"cv-post-meta cv-meta-icon-show\">\r\n                        <span class=\"cv-post-tags-wrap cv-post-meta-item\"><span class=\"cv-post-tag\"><a href=\"https:\/\/casse-noisettes.org\/site\/tag\/masculinisme\/\">masculinisme<\/a><\/span><span class=\"cv-post-tag\"><a href=\"https:\/\/casse-noisettes.org\/site\/tag\/masculinites\/\">masculinit\u00e9s<\/a><\/span><span class=\"cv-post-tag\"><a href=\"https:\/\/casse-noisettes.org\/site\/tag\/patriarcat\/\">patriarcat<\/a><\/span><span class=\"cv-post-tag\"><a href=\"https:\/\/casse-noisettes.org\/site\/tag\/virilite\/\">virilit\u00e9<\/a><\/span><\/span>                    <\/div>\r\n                <div class=\"cv-post-content\" itemprop=\"description\">Un jeudi sur deux, Victoire Tuaillon parle en profondeur d\u2019un aspect des masculinit\u00e9s contemporaines avec un\u00b7e invit\u00e9\u00b7e. Parce qu\u2019on ne na\u00eet pas homme, on le devient.<\/div><div class=\"cv-read-more\"><a href=https:\/\/casse-noisettes.org\/site\/les-couilles-sur-la-table-victoire-tuaillon\/>Read more<i class=\"fas fa-arrow-right\"><\/i><\/a><\/div>                <\/article>\r\n                        <article post-id=\"post-267\" class=\"cv-post post-format--standard cv-icon\" itemscope itemtype=\"http:\/\/schema.org\/articleBody\">\r\n                                        <div class=\"cv-post-thumb\">\r\n                        <a href=\"https:\/\/casse-noisettes.org\/site\/267-2\/\"><img decoding=\"async\" src=\"https:\/\/casse-noisettes.org\/site\/wp-content\/uploads\/2022\/02\/MS-scaled-e1645472580319.webp\" alt=\"\"\/><\/a>\r\n                    <\/div>\r\n                    <h2 class=\"cv-post-title\">\r\n                        <a href=\"https:\/\/casse-noisettes.org\/site\/267-2\/\" target=\"_self\">\r\n                                                    <\/a>\r\n                    <\/h2>\r\n                    <div class=\"cv-post-meta cv-meta-icon-show\">\r\n                        <span class=\"cv-post-tags-wrap cv-post-meta-item\"><span class=\"cv-post-tag\"><a href=\"https:\/\/casse-noisettes.org\/site\/tag\/cinema\/\">cin\u00e9ma<\/a><\/span><span class=\"cv-post-tag\"><a href=\"https:\/\/casse-noisettes.org\/site\/tag\/masculinites\/\">masculinit\u00e9s<\/a><\/span><\/span>                    <\/div>\r\n                <div class=\"cv-post-content\" itemprop=\"description\">Mansplainnig Trentenaire, blanc, h\u00e9t\u00e9ro, cisgenre et p\u00e8re, Thomas Messias est ce genre de personnes qu&rsquo;on entend d\u00e9j\u00e0 beaucoup trop dans les m\u00e9dias, y compris sur des sujets qu&rsquo;elles ne ma\u00eetrisent pas toujours. Un mercredi sur deux, Mansplaining observe les masculinit\u00e9s \u00e0 travers des \u0153uvres culturelles et des faits d\u2019actualit\u00e9. Parce que la parole masculine est [&hellip;]<\/div><div class=\"cv-read-more\"><a href=https:\/\/casse-noisettes.org\/site\/267-2\/>Read more<i class=\"fas fa-arrow-right\"><\/i><\/a><\/div>                <\/article>\r\n            <\/div><\/div>","protected":false},"excerpt":{"rendered":"","protected":false},"author":2,"featured_media":0,"parent":55,"menu_order":0,"comment_status":"closed","ping_status":"closed","template":"","meta":{"footnotes":""},"class_list":["post-253","page","type-page","status-publish","czr-hentry"],"blog_post_layout_featured_media_urls":{"thumbnail":"","full":""},"categories_names":null,"comments_number":"0","_links":{"self":[{"href":"https:\/\/casse-noisettes.org\/site\/wp-json\/wp\/v2\/pages\/253","targetHints":{"allow":["GET"]}}],"collection":[{"href":"https:\/\/casse-noisettes.org\/site\/wp-json\/wp\/v2\/pages"}],"about":[{"href":"https:\/\/casse-noisettes.org\/site\/wp-json\/wp\/v2\/types\/page"}],"author":[{"embeddable":true,"href":"https:\/\/casse-noisettes.org\/site\/wp-json\/wp\/v2\/users\/2"}],"replies":[{"embeddable":true,"href":"https:\/\/casse-noisettes.org\/site\/wp-json\/wp\/v2\/comments?post=253"}],"version-history":[{"count":4,"href":"https:\/\/casse-noisettes.org\/site\/wp-json\/wp\/v2\/pages\/253\/revisions"}],"predecessor-version":[{"id":331,"href":"https:\/\/casse-noisettes.org\/site\/wp-json\/wp\/v2\/pages\/253\/revisions\/331"}],"up":[{"embeddable":true,"href":"https:\/\/casse-noisettes.org\/site\/wp-json\/wp\/v2\/pages\/55"}],"wp:attachment":[{"href":"https:\/\/casse-noisettes.org\/site\/wp-json\/wp\/v2\/media?parent=253"}],"curies":[{"name":"wp","href":"https:\/\/api.w.org\/{rel}","templated":true}]}}